{"id":66,"date":"2020-04-23T18:57:29","date_gmt":"2020-04-23T18:57:29","guid":{"rendered":"http:\/\/laislaverde.org\/?page_id=66"},"modified":"2023-10-20T18:07:24","modified_gmt":"2023-10-20T18:07:24","slug":"la-finca","status":"publish","type":"page","link":"https:\/\/laislaverde.org\/index.php\/la-finca\/","title":{"rendered":"Una finca sostenible"},"content":{"rendered":"\n<div class=\"wp-block-columns\">\n<div class=\"wp-block-column\" style=\"flex-basis:33.33%\">\n<h2 class=\"has-text-align-right\">Una isla verde sostenible<\/h2>\n<\/div>\n\n\n\n<div class=\"wp-block-column\" style=\"flex-basis:66.66%\">\n<blockquote class=\"wp-block-quote\"><p>La ruta te ha llevado hasta aqu\u00ed porque valoras el silencio y la tranquilidad que te produce una finca de 400m2 rodeada de naturaleza, con senderos y caminos por los que perderte en tu propia aventura.<br>No lo dudes y deja que la Isla Verde te conquiste los sentidos\u2026<\/p><\/blockquote>\n\n\n\n<p><\/p>\n<\/div>\n<\/div>\n\n\n\n<div class=\"wp-block-media-text alignwide is-stacked-on-mobile\"><figure class=\"wp-block-media-text__media\"><img width=\"1024\" height=\"768\" src=\"http:\/\/laislaverde.org\/wp-content\/uploads\/2020\/05\/PHOTO-2020-05-05-17-39-53_1-1024x768.jpg\" alt=\"\" class=\"wp-image-127 size-full\" srcset=\"https:\/\/laislaverde.org\/wp-content\/uploads\/2020\/05\/PHOTO-2020-05-05-17-39-53_1-1024x768.jpg 1024w, https:\/\/laislaverde.org\/wp-content\/uploads\/2020\/05\/PHOTO-2020-05-05-17-39-53_1-300x225.jpg 300w, https:\/\/laislaverde.org\/wp-content\/uploads\/2020\/05\/PHOTO-2020-05-05-17-39-53_1-768x576.jpg 768w, https:\/\/laislaverde.org\/wp-content\/uploads\/2020\/05\/PHOTO-2020-05-05-17-39-53_1-1536x1152.jpg 1536w, https:\/\/laislaverde.org\/wp-content\/uploads\/2020\/05\/PHOTO-2020-05-05-17-39-53_1-400x300.jpg 400w, https:\/\/laislaverde.org\/wp-content\/uploads\/2020\/05\/PHOTO-2020-05-05-17-39-53_1.jpg 1600w\" sizes=\"(max-width: 1024px) 100vw, 1024px\" \/><\/figure><div class=\"wp-block-media-text__content\">\n<p>Nuestro sue\u00f1o de transformar una mas\u00eda del s.IX en una mas\u00eda del s.XXI, sostenible y respetuosa con el medio y el entorno, se concreta en esta finca de 400m<sup>2<\/sup>, aislada en mitad de la naturaleza, rodeada de bosques mediterr\u00e1neos y de caminos en los que el tiempo se para.<br>Creemos en el equilibrio entre el ser humano y su entorno y por eso nos gusta tomar cada decisi\u00f3n a consciencia. Todo ello nos ha llevado a conseguir que nuestra finca sea autosuficiente energ\u00e9ticamente y todas nuestras acciones van dirigidas a minimizar nuestro impacto en el planeta.<br>Valorar lo que la naturaleza nos da y retornar nuestro agradecimiento recuperando rincones, caminos y vegetaci\u00f3n. Cuidamos de ella igual que ella cuida de nosotros.<\/p>\n<\/div><\/div>\n\n\n\n<p><\/p>\n\n\n\n<div class=\"wp-block-columns\">\n<div class=\"wp-block-column\">\n<figure class=\"wp-block-image size-large\"><img width=\"2556\" height=\"1600\" src=\"https:\/\/laislaverde.org\/wp-content\/uploads\/2021\/03\/DSC_9676-edited.jpg\" alt=\"\" class=\"wp-image-206\" srcset=\"https:\/\/laislaverde.org\/wp-content\/uploads\/2021\/03\/DSC_9676-edited.jpg 2556w, https:\/\/laislaverde.org\/wp-content\/uploads\/2021\/03\/DSC_9676-edited-300x188.jpg 300w, https:\/\/laislaverde.org\/wp-content\/uploads\/2021\/03\/DSC_9676-edited-1024x641.jpg 1024w, https:\/\/laislaverde.org\/wp-content\/uploads\/2021\/03\/DSC_9676-edited-768x481.jpg 768w, https:\/\/laislaverde.org\/wp-content\/uploads\/2021\/03\/DSC_9676-edited-1536x962.jpg 1536w, https:\/\/laislaverde.org\/wp-content\/uploads\/2021\/03\/DSC_9676-edited-2048x1282.jpg 2048w, https:\/\/laislaverde.org\/wp-content\/uploads\/2021\/03\/DSC_9676-edited-479x300.jpg 479w\" sizes=\"(max-width: 2556px) 100vw, 2556px\" \/><\/figure>\n<\/div>\n\n\n\n<div class=\"wp-block-column\">\n<figure class=\"wp-block-image size-large\"><img width=\"2560\" height=\"1600\" src=\"https:\/\/laislaverde.org\/wp-content\/uploads\/2021\/03\/Fachada-la-Isla-Verde-edited-scaled.jpg\" alt=\"\" class=\"wp-image-207\" srcset=\"https:\/\/laislaverde.org\/wp-content\/uploads\/2021\/03\/Fachada-la-Isla-Verde-edited-scaled.jpg 2560w, https:\/\/laislaverde.org\/wp-content\/uploads\/2021\/03\/Fachada-la-Isla-Verde-edited-300x187.jpg 300w, https:\/\/laislaverde.org\/wp-content\/uploads\/2021\/03\/Fachada-la-Isla-Verde-edited-1024x640.jpg 1024w, https:\/\/laislaverde.org\/wp-content\/uploads\/2021\/03\/Fachada-la-Isla-Verde-edited-768x480.jpg 768w, https:\/\/laislaverde.org\/wp-content\/uploads\/2021\/03\/Fachada-la-Isla-Verde-edited-1536x960.jpg 1536w, https:\/\/laislaverde.org\/wp-content\/uploads\/2021\/03\/Fachada-la-Isla-Verde-edited-2048x1280.jpg 2048w, https:\/\/laislaverde.org\/wp-content\/uploads\/2021\/03\/Fachada-la-Isla-Verde-edited-480x300.jpg 480w\" sizes=\"(max-width: 2560px) 100vw, 2560px\" \/><\/figure>\n<\/div>\n\n\n\n<div class=\"wp-block-column\">\n<figure class=\"wp-block-image size-large\"><img width=\"1250\" height=\"780\" src=\"https:\/\/laislaverde.org\/wp-content\/uploads\/2021\/03\/piscina_detalle-edited.jpg\" alt=\"\" class=\"wp-image-208\" srcset=\"https:\/\/laislaverde.org\/wp-content\/uploads\/2021\/03\/piscina_detalle-edited.jpg 1250w, https:\/\/laislaverde.org\/wp-content\/uploads\/2021\/03\/piscina_detalle-edited-300x187.jpg 300w, https:\/\/laislaverde.org\/wp-content\/uploads\/2021\/03\/piscina_detalle-edited-1024x639.jpg 1024w, https:\/\/laislaverde.org\/wp-content\/uploads\/2021\/03\/piscina_detalle-edited-768x479.jpg 768w, https:\/\/laislaverde.org\/wp-content\/uploads\/2021\/03\/piscina_detalle-edited-481x300.jpg 481w\" sizes=\"(max-width: 1250px) 100vw, 1250px\" \/><\/figure>\n<\/div>\n<\/div>\n\n\n\n<p><\/p>\n","protected":false},"excerpt":{"rendered":"<p>Una isla verde sostenible La ruta te ha llevado hasta aqu\u00ed porque valoras el silencio y la tranquilidad que te produce una finca de 400m2 rodeada de naturaleza, con senderos y caminos por los que perderte en tu propia aventura.No lo dudes y deja que la Isla Verde te conquiste &hellip;<\/p>\n","protected":false},"author":1,"featured_media":0,"parent":0,"menu_order":0,"comment_status":"closed","ping_status":"closed","template":"","meta":[],"_links":{"self":[{"href":"https:\/\/laislaverde.org\/index.php\/wp-json\/wp\/v2\/pages\/66"}],"collection":[{"href":"https:\/\/laislaverde.org\/index.php\/wp-json\/wp\/v2\/pages"}],"about":[{"href":"https:\/\/laislaverde.org\/index.php\/wp-json\/wp\/v2\/types\/page"}],"author":[{"embeddable":true,"href":"https:\/\/laislaverde.org\/index.php\/wp-json\/wp\/v2\/users\/1"}],"replies":[{"embeddable":true,"href":"https:\/\/laislaverde.org\/index.php\/wp-json\/wp\/v2\/comments?post=66"}],"version-history":[{"count":6,"href":"https:\/\/laislaverde.org\/index.php\/wp-json\/wp\/v2\/pages\/66\/revisions"}],"predecessor-version":[{"id":221,"href":"https:\/\/laislaverde.org\/index.php\/wp-json\/wp\/v2\/pages\/66\/revisions\/221"}],"wp:attachment":[{"href":"https:\/\/laislaverde.org\/index.php\/wp-json\/wp\/v2\/media?parent=66"}],"curies":[{"name":"wp","href":"https:\/\/api.w.org\/{rel}","templated":true}]}}